{"id":390,"date":"2016-01-07T05:57:45","date_gmt":"2016-01-07T05:57:45","guid":{"rendered":"http:\/\/consulting.stylemixthemes.com\/?page_id=390"},"modified":"2018-01-29T18:35:20","modified_gmt":"2018-01-29T18:35:20","slug":"our-partners","status":"publish","type":"page","link":"https:\/\/bekdik.com.tr\/en\/about-us\/our-partners\/","title":{"rendered":"Our Partners"},"content":{"rendered":"<div class=\"wpb-content-wrapper\"><p>[vc_row css=&#8221;.vc_custom_1459506306543{margin-bottom: 100px !important;}&#8221;][vc_column width=&#8221;3\/4&#8243;][vc_row_inner css=&#8221;.vc_custom_1452152300724{margin-bottom: 46px !important;}&#8221;][vc_column_inner][stm_partner style=&#8221;style_2&#8243; title=&#8221;BHS Global&#8221; logo=&#8221;2188&#8243; description=&#8221;Charging Stations, Battery Exchange Systems&#8221; link=&#8221;url:%23||&#8221; position=&#8221;St. Louis, MO 63132 USA&#8221; css=&#8221;.vc_custom_1517250871015{margin-bottom: 50px !important;}&#8221;][stm_partner style=&#8221;style_2&#8243; title=&#8221;Skylink&#8221; logo=&#8221;2190&#8243; description=&#8221;Smart Home Systems&#8221; link=&#8221;url:%23||&#8221; position=&#8221;17 Sheard Avenue, Brampton, Ontario, L6Y 1J3, Canada&#8221; css=&#8221;.vc_custom_1517250892300{margin-bottom: 50px !important;}&#8221;][stm_partner style=&#8221;style_2&#8243; title=&#8221;Black Box&#8221; logo=&#8221;2191&#8243; description=&#8221;Resource Management Systems, Forklift Tracking Systems, Work Machine Tracking Systems&#8221; link=&#8221;url:%23||&#8221; position=&#8221;Technology Charlotte, NC&#8221; css=&#8221;.vc_custom_1517250845012{margin-bottom: 50px !important;}&#8221;][stm_partner style=&#8221;style_2&#8243; title=&#8221;Axima&#8221; logo=&#8221;2192&#8243; description=&#8221;Intelligent Modular Chargers &#8221; link=&#8221;url:%23||&#8221; position=&#8221;V\u00edde\u0148sk\u00e1 125, 619 00 Brno, Czech Republic&#8221; css=&#8221;.vc_custom_1517250812932{margin-bottom: 50px !important;}&#8221;][stm_partner style=&#8221;style_2&#8243; title=&#8221;Nuova Elettra&#8221; description=&#8221;Transformer and High Frequency Chargers&#8221; position=&#8221;Via Galvani, 2a Suzzara MN Italy&#8221; logo=&#8221;2193&#8243; css=&#8221;.vc_custom_1517250858501{margin-bottom: 50px !important;}&#8221;][stm_partner style=&#8221;style_2&#8243; position=&#8221;Montgomeryville, PA 18936 USA&#8221; description=&#8221;Battery Tracking Systems &#8221; title=&#8221;Philadelphia Scientific&#8221; logo=&#8221;2194&#8243;][\/vc_column_inner][\/vc_row_inner][\/vc_column][vc_column width=&#8221;1\/4&#8243;][stm_sidebar sidebar=&#8221;1927&#8243;][\/vc_column][\/vc_row]<\/p>\n<\/div>","protected":false},"excerpt":{"rendered":"<p>[vc_row css=&#8221;.vc_custom_1459506306543{margin-bottom: 100px !important;}&#8221;][vc_column width=&#8221;3\/4&#8243;][vc_row_inner css=&#8221;.vc_custom_1452152300724{margin-bottom: 46px !important;}&#8221;][vc_column_inner][stm_partner style=&#8221;style_2&#8243; title=&#8221;BHS Global&#8221; logo=&#8221;2188&#8243; description=&#8221;Charging Stations, Battery Exchange Systems&#8221; link=&#8221;url:%23||&#8221; position=&#8221;St. Louis, MO 63132 USA&#8221; css=&#8221;.vc_custom_1517250871015{margin-bottom: 50px !important;}&#8221;][stm_partner style=&#8221;style_2&#8243; title=&#8221;Skylink&#8221; logo=&#8221;2190&#8243; description=&#8221;Smart Home Systems&#8221; link=&#8221;url:%23||&#8221; position=&#8221;17 Sheard Avenue, Brampton, Ontario, L6Y 1J3, Canada&#8221; css=&#8221;.vc_custom_1517250892300{margin-bottom: 50px !important;}&#8221;][stm_partner style=&#8221;style_2&#8243; title=&#8221;Black Box&#8221; logo=&#8221;2191&#8243; description=&#8221;Resource Management Systems, Forklift Tracking Systems, Work<\/p>\n","protected":false},"author":1,"featured_media":0,"parent":9,"menu_order":0,"comment_status":"closed","ping_status":"closed","template":"","meta":{"footnotes":""},"class_list":["post-390","page","type-page","status-publish","hentry"],"_links":{"self":[{"href":"https:\/\/bekdik.com.tr\/en\/wp-json\/wp\/v2\/pages\/390","targetHints":{"allow":["GET"]}}],"collection":[{"href":"https:\/\/bekdik.com.tr\/en\/wp-json\/wp\/v2\/pages"}],"about":[{"href":"https:\/\/bekdik.com.tr\/en\/wp-json\/wp\/v2\/types\/page"}],"author":[{"embeddable":true,"href":"https:\/\/bekdik.com.tr\/en\/wp-json\/wp\/v2\/users\/1"}],"replies":[{"embeddable":true,"href":"https:\/\/bekdik.com.tr\/en\/wp-json\/wp\/v2\/comments?post=390"}],"version-history":[{"count":0,"href":"https:\/\/bekdik.com.tr\/en\/wp-json\/wp\/v2\/pages\/390\/revisions"}],"up":[{"embeddable":true,"href":"https:\/\/bekdik.com.tr\/en\/wp-json\/wp\/v2\/pages\/9"}],"wp:attachment":[{"href":"https:\/\/bekdik.com.tr\/en\/wp-json\/wp\/v2\/media?parent=390"}],"curies":[{"name":"wp","href":"https:\/\/api.w.org\/{rel}","templated":true}]}}